{"id":149,"date":"2026-02-16T12:42:37","date_gmt":"2026-02-16T12:42:37","guid":{"rendered":"https:\/\/www.smart-club.es\/?page_id=149"},"modified":"2026-03-06T11:56:16","modified_gmt":"2026-03-06T11:56:16","slug":"smart-club-instalaciones","status":"publish","type":"page","link":"https:\/\/smart-club.es\/index.php\/smart-club-instalaciones\/","title":{"rendered":"smart-club: nuestras instalaciones"},"content":{"rendered":"<p>[et_pb_section fb_built=\u00bb1&#8243; custom_padding_last_edited=\u00bboff|desktop\u00bb admin_label=\u00bbHeader\u00bb _builder_version=\u00bb4.27.5&#8243; background_color=\u00bb#2a2e40&#8243; use_background_color_gradient=\u00bbon\u00bb background_color_gradient_type=\u00bbcircular\u00bb background_color_gradient_direction_radial=\u00bbtop right\u00bb background_color_gradient_stops=\u00bbrgba(42,46,64,0.34) 0%|#062d56 90%\u00bb background_color_gradient_overlays_image=\u00bbon\u00bb background_color_gradient_start=\u00bbrgba(42,46,64,0.34)\u00bb background_color_gradient_end=\u00bb#2a2e40&#8243; background_color_gradient_end_position=\u00bb90%\u00bb background_image=\u00bbhttps:\/\/www.smart-club.es\/wp-content\/uploads\/2026\/02\/lo-ultimo-en-fitness.jpg\u00bb background_position=\u00bbtop_right\u00bb height=\u00bb940px\u00bb custom_margin=\u00bb||0px||false|false\u00bb custom_padding=\u00bb||0px||false|false\u00bb custom_padding_tablet=\u00bb0vw||\u00bb custom_padding_phone=\u00bb0vw||\u00bb da_disable_devices=\u00bboff|off|off\u00bb global_colors_info=\u00bb{}\u00bb da_is_popup=\u00bboff\u00bb da_exit_intent=\u00bboff\u00bb da_has_close=\u00bbon\u00bb da_alt_close=\u00bboff\u00bb da_dark_close=\u00bboff\u00bb da_not_modal=\u00bbon\u00bb da_is_singular=\u00bboff\u00bb da_with_loader=\u00bboff\u00bb da_has_shadow=\u00bbon\u00bb][et_pb_row module_class=\u00bb et_pb_row_fullwidth\u00bb _builder_version=\u00bb4.16&#8243; width=\u00bb89%\u00bb width_tablet=\u00bb80%\u00bb width_phone=\u00bb\u00bb width_last_edited=\u00bbon|desktop\u00bb max_width=\u00bb89%\u00bb max_width_tablet=\u00bb80%\u00bb max_width_phone=\u00bb\u00bb max_width_last_edited=\u00bbon|desktop\u00bb mix_blend_mode=\u00bboverlay\u00bb make_fullwidth=\u00bbon\u00bb global_colors_info=\u00bb{}\u00bb][et_pb_column type=\u00bb4_4&#8243; _builder_version=\u00bb4.16&#8243; custom_padding=\u00bb|||\u00bb global_colors_info=\u00bb{}\u00bb custom_padding__hover=\u00bb|||\u00bb][et_pb_text _builder_version=\u00bb4.27.5&#8243; text_font=\u00bbOswald|||on|||||\u00bb text_text_color=\u00bbrgba(255,255,255,0.5)\u00bb text_font_size=\u00bb24vw\u00bb text_line_height=\u00bb0em\u00bb header_font=\u00bbOswald|||on|||||\u00bb header_font_size=\u00bb80px\u00bb header_letter_spacing=\u00bb20px\u00bb header_line_height=\u00bb1.2em\u00bb text_orientation=\u00bbright\u00bb background_layout=\u00bbdark\u00bb custom_margin=\u00bb60px||0.2em||false|false\u00bb custom_margin_phone=\u00bb||0em\u00bb custom_margin_last_edited=\u00bboff|desktop\u00bb filter_blur=\u00bb5px\u00bb animation_style=\u00bbslide\u00bb animation_direction=\u00bbleft\u00bb animation_duration=\u00bb2000ms\u00bb animation_intensity_slide=\u00bb2%\u00bb text_font_size_tablet=\u00bb30vw\u00bb text_font_size_phone=\u00bb33vw\u00bb text_font_size_last_edited=\u00bbon|desktop\u00bb header_font_size_tablet=\u00bb40px\u00bb header_font_size_phone=\u00bb30px\u00bb header_font_size_last_edited=\u00bbon|desktop\u00bb global_colors_info=\u00bb{}\u00bb]<\/p>\n<p>tu club<\/p>\n<p>[\/et_pb_text][\/et_pb_column][\/et_pb_row][et_pb_row _builder_version=\u00bb4.16&#8243; module_alignment=\u00bbleft\u00bb custom_padding=\u00bb0|0px|0|0px|true|false\u00bb global_colors_info=\u00bb{}\u00bb][et_pb_column type=\u00bb4_4&#8243; _builder_version=\u00bb4.16&#8243; custom_padding=\u00bb|||\u00bb global_colors_info=\u00bb{}\u00bb custom_padding__hover=\u00bb|||\u00bb][et_pb_divider color=\u00bbrgba(255,255,255,0.31)\u00bb divider_style=\u00bbdotted\u00bb _builder_version=\u00bb4.27.5&#8243; global_colors_info=\u00bb{}\u00bb][\/et_pb_divider][\/et_pb_column][\/et_pb_row][et_pb_row custom_padding_last_edited=\u00bbon|desktop\u00bb _builder_version=\u00bb4.27.5&#8243; width=\u00bb90%\u00bb max_width=\u00bb90%\u00bb custom_margin=\u00bb||\u00bb custom_padding=\u00bb||0|5%|false|false\u00bb custom_padding_tablet=\u00bb||40px|0%\u00bb custom_padding_phone=\u00bb\u00bb hover_enabled=\u00bb0&#8243; module_alignment_tablet=\u00bb\u00bb module_alignment_phone=\u00bbcenter\u00bb module_alignment_last_edited=\u00bbon|phone\u00bb use_custom_width=\u00bbon\u00bb width_unit=\u00bboff\u00bb custom_width_percent=\u00bb90%\u00bb global_colors_info=\u00bb{}\u00bb sticky_enabled=\u00bb0&#8243;][et_pb_column type=\u00bb4_4&#8243; _builder_version=\u00bb4.16&#8243; custom_padding=\u00bb|||\u00bb global_colors_info=\u00bb{}\u00bb custom_padding__hover=\u00bb|||\u00bb][et_pb_text _builder_version=\u00bb4.27.5&#8243; text_font=\u00bb||||||||\u00bb header_font=\u00bbRoboto|700||on|||||\u00bb header_font_size=\u00bb7vw\u00bb header_letter_spacing=\u00bb0.1em\u00bb header_line_height=\u00bb1.2em\u00bb header_2_font=\u00bb||||||||\u00bb header_3_font=\u00bbInter|||on|||||\u00bb header_3_font_size=\u00bb20px\u00bb header_3_letter_spacing=\u00bb0.7em\u00bb header_3_line_height=\u00bb2.4em\u00bb background_layout=\u00bbdark\u00bb max_width=\u00bb80%\u00bb animation_style=\u00bbslide\u00bb animation_direction=\u00bbright\u00bb animation_duration=\u00bb2000ms\u00bb animation_intensity_slide=\u00bb2%\u00bb header_text_align_tablet=\u00bb\u00bb header_text_align_phone=\u00bbcenter\u00bb header_text_align_last_edited=\u00bbon|phone\u00bb header_font_size_tablet=\u00bb40px\u00bb header_font_size_phone=\u00bb40px\u00bb header_font_size_last_edited=\u00bbon|phone\u00bb header_letter_spacing_tablet=\u00bb10px\u00bb header_letter_spacing_phone=\u00bb7px\u00bb header_letter_spacing_last_edited=\u00bboff|desktop\u00bb header_line_height_tablet=\u00bb1.5em\u00bb header_line_height_phone=\u00bb1.5em\u00bb header_line_height_last_edited=\u00bbon|phone\u00bb header_3_text_align_tablet=\u00bb\u00bb header_3_text_align_phone=\u00bbcenter\u00bb header_3_text_align_last_edited=\u00bbon|phone\u00bb header_3_font_size_tablet=\u00bb10px\u00bb header_3_font_size_phone=\u00bb14px\u00bb header_3_font_size_last_edited=\u00bbon|desktop\u00bb header_3_letter_spacing_tablet=\u00bb\u00bb header_3_letter_spacing_phone=\u00bb3px\u00bb header_3_letter_spacing_last_edited=\u00bbon|phone\u00bb module_alignment_tablet=\u00bb\u00bb module_alignment_phone=\u00bbcenter\u00bb module_alignment_last_edited=\u00bbon|phone\u00bb global_colors_info=\u00bb{}\u00bb]<\/p>\n<h3>lo \u00faltimo en tecnolog\u00eda<\/h3>\n<h1>SMART-CLUB<\/h1>\n<p>[\/et_pb_text][\/et_pb_column][\/et_pb_row][et_pb_row _builder_version=\u00bb4.27.6&#8243; _module_preset=\u00bbdefault\u00bb column_structure=\u00bb3_5,2_5&#8243; max_width=\u00bb80%\u00bb hover_enabled=\u00bb0&#8243; sticky_enabled=\u00bb0&#8243;][et_pb_column _builder_version=\u00bb4.27.6&#8243; _module_preset=\u00bbdefault\u00bb type=\u00bb3_5&#8243;][et_pb_text _builder_version=\u00bb4.27.6&#8243; _module_preset=\u00bbdefault\u00bb text_font=\u00bbInter|300|||||||\u00bb text_text_color=\u00bb#FFFFFF\u00bb text_font_size=\u00bb19px\u00bb text_letter_spacing=\u00bb1px\u00bb hover_enabled=\u00bb0&#8243; sticky_enabled=\u00bb0&#8243; text_line_height=\u00bb1.5em\u00bb]<\/p>\n<p>Smartclub, gimnasio premium en Madrid, cuenta con una sala con m\u00e1quinas de \u00faltima generaci\u00f3n de Technogym y cuatro salas de actividades dirigidas totalmente equipadas, adem\u00e1s de una pantalla de cine inmersiva para Les Mills The Trip en Espa\u00f1a, ofreciendo entrenamientos exclusivos, innovadores y de m\u00e1xima calidad.<\/p>\n<p>[\/et_pb_text][\/et_pb_column][et_pb_column _builder_version=\u00bb4.27.6&#8243; _module_preset=\u00bbdefault\u00bb type=\u00bb2_5&#8243;][\/et_pb_column][\/et_pb_row][\/et_pb_section][et_pb_section fb_built=\u00bb1&#8243; _builder_version=\u00bb4.27.6&#8243; _module_preset=\u00bbdefault\u00bb hover_enabled=\u00bb0&#8243; da_disable_devices=\u00bboff|off|off\u00bb global_colors_info=\u00bb{}\u00bb background_color=\u00bb#181a2b\u00bb sticky_enabled=\u00bb0&#8243; da_is_popup=\u00bboff\u00bb da_exit_intent=\u00bboff\u00bb da_has_close=\u00bbon\u00bb da_alt_close=\u00bboff\u00bb da_dark_close=\u00bboff\u00bb da_not_modal=\u00bbon\u00bb da_is_singular=\u00bboff\u00bb da_with_loader=\u00bboff\u00bb da_has_shadow=\u00bbon\u00bb][et_pb_row _builder_version=\u00bb4.27.6&#8243; _module_preset=\u00bbdefault\u00bb width=\u00bb90%\u00bb max_width=\u00bb90%\u00bb module_alignment=\u00bbcenter\u00bb use_custom_gutter=\u00bbon\u00bb gutter_width=\u00bb2&#8243; hover_enabled=\u00bb0&#8243; sticky_enabled=\u00bb0&#8243;][et_pb_column _builder_version=\u00bb4.27.6&#8243; _module_preset=\u00bbdefault\u00bb type=\u00bb4_4&#8243;][et_pb_gallery _builder_version=\u00bb4.27.6&#8243; _module_preset=\u00bbdefault\u00bb posts_number=\u00bb32&#8243; gallery_ids=\u00bb655,656,657,658,659,660,661,662,663,664,665,666,667,668,669,670,671,672,673,674,675,676,677,678,679,680,681,682,683,684,685,686&#8243; show_title_and_caption=\u00bboff\u00bb show_pagination=\u00bboff\u00bb width=\u00bb90%\u00bb max_width=\u00bb90%\u00bb module_alignment=\u00bbcenter\u00bb hover_enabled=\u00bb0&#8243; sticky_enabled=\u00bb0&#8243; border_width_all=\u00bb1px\u00bb border_color_all=\u00bb#63d4f9&#8243; border_radii=\u00bbon|30px|30px|30px|30px\u00bb][\/et_pb_gallery][\/et_pb_column][\/et_pb_row][\/et_pb_section]<\/p>\n","protected":false},"excerpt":{"rendered":"<p>tu clublo \u00faltimo en tecnolog\u00eda SMART-CLUBSmartclub, gimnasio premium en Madrid, cuenta con una sala con m\u00e1quinas de \u00faltima generaci\u00f3n de Technogym y cuatro salas de actividades dirigidas totalmente equipadas, adem\u00e1s de una pantalla de cine inmersiva para Les Mills The Trip en Espa\u00f1a, ofreciendo entrenamientos exclusivos, innovadores y de m\u00e1xima calidad.<\/p>\n","protected":false},"author":1,"featured_media":0,"parent":0,"menu_order":0,"comment_status":"closed","ping_status":"closed","template":"","meta":{"_et_pb_use_builder":"on","_et_pb_old_content":"","_et_gb_content_width":"","footnotes":""},"class_list":["post-149","page","type-page","status-publish","hentry"],"_links":{"self":[{"href":"https:\/\/smart-club.es\/index.php\/wp-json\/wp\/v2\/pages\/149","targetHints":{"allow":["GET"]}}],"collection":[{"href":"https:\/\/smart-club.es\/index.php\/wp-json\/wp\/v2\/pages"}],"about":[{"href":"https:\/\/smart-club.es\/index.php\/wp-json\/wp\/v2\/types\/page"}],"author":[{"embeddable":true,"href":"https:\/\/smart-club.es\/index.php\/wp-json\/wp\/v2\/users\/1"}],"replies":[{"embeddable":true,"href":"https:\/\/smart-club.es\/index.php\/wp-json\/wp\/v2\/comments?post=149"}],"version-history":[{"count":5,"href":"https:\/\/smart-club.es\/index.php\/wp-json\/wp\/v2\/pages\/149\/revisions"}],"predecessor-version":[{"id":690,"href":"https:\/\/smart-club.es\/index.php\/wp-json\/wp\/v2\/pages\/149\/revisions\/690"}],"wp:attachment":[{"href":"https:\/\/smart-club.es\/index.php\/wp-json\/wp\/v2\/media?parent=149"}],"curies":[{"name":"wp","href":"https:\/\/api.w.org\/{rel}","templated":true}]}}